{"id":1048,"date":"2019-11-16T12:06:33","date_gmt":"2019-11-16T15:06:33","guid":{"rendered":"http:\/\/paulascholte.com\/?page_id=1048"},"modified":"2020-02-28T14:18:54","modified_gmt":"2020-02-28T17:18:54","slug":"escritorio-leblon","status":"publish","type":"page","link":"https:\/\/paulascholte.com\/en\/escritorio-leblon\/","title":{"rendered":"Office - Leblon"},"content":{"rendered":"<div class=\"vc_row wpb_row vc_row-fluid\"><div class=\"wpb_column vc_column_container vc_col-sm-3\"><div class=\"vc_column-inner\"><div class=\"wpb_wrapper\">\n\t<div class=\"wpb_text_column wpb_content_element\" >\n\t\t<div class=\"wpb_wrapper\">\n\t\t\t<p>Office - Leblon<br \/>\nProject: Paula Scholte e Ci\u00e7a Ferracci\u00fa<br \/>\nPictures: Laura Vilela<br \/>\nYear: 2013<\/p>\n\n\t\t<\/div>\n\t<\/div>\n<\/div><\/div><\/div><div class=\"wpb_column vc_column_container vc_col-sm-9\"><div class=\"vc_column-inner\"><div class=\"wpb_wrapper\">\n<div class=\"vc_grid-container-wrapper vc_clearfix\">\n\t<div class=\"vc_grid-container vc_clearfix wpb_content_element vc_masonry_media_grid\" data-initial-loading-animation=\"zoomIn\" data-vc-grid-settings=\"{&quot;page_id&quot;:1048,&quot;style&quot;:&quot;all-masonry&quot;,&quot;action&quot;:&quot;vc_get_vc_grid_data&quot;,&quot;shortcode_id&quot;:&quot;1576256290838-a6d97eeb5d437c3f3bb29fe25aade0dc-8&quot;,&quot;tag&quot;:&quot;vc_masonry_media_grid&quot;}\" data-vc-request=\"https:\/\/paulascholte.com\/wp-admin\/admin-ajax.php\" data-vc-post-id=\"1048\" data-vc-public-nonce=\"b040be4d37\">\n\t\t\n\t<\/div>\n<\/div><\/div><\/div><\/div><\/div>","protected":false},"excerpt":{"rendered":"Escrit\u00f3rio Leblon Projeto: Paula Scholte e Ci\u00e7a Ferracci\u00fa Fotos: Laura Vilela Ano: 2013","protected":false},"author":1,"featured_media":0,"parent":0,"menu_order":0,"comment_status":"closed","ping_status":"closed","template":"templates\/no-sidebar.php","meta":[],"_links":{"self":[{"href":"https:\/\/paulascholte.com\/en\/wp-json\/wp\/v2\/pages\/1048"}],"collection":[{"href":"https:\/\/paulascholte.com\/en\/wp-json\/wp\/v2\/pages"}],"about":[{"href":"https:\/\/paulascholte.com\/en\/wp-json\/wp\/v2\/types\/page"}],"author":[{"embeddable":true,"href":"https:\/\/paulascholte.com\/en\/wp-json\/wp\/v2\/users\/1"}],"replies":[{"embeddable":true,"href":"https:\/\/paulascholte.com\/en\/wp-json\/wp\/v2\/comments?post=1048"}],"version-history":[{"count":9,"href":"https:\/\/paulascholte.com\/en\/wp-json\/wp\/v2\/pages\/1048\/revisions"}],"predecessor-version":[{"id":1320,"href":"https:\/\/paulascholte.com\/en\/wp-json\/wp\/v2\/pages\/1048\/revisions\/1320"}],"wp:attachment":[{"href":"https:\/\/paulascholte.com\/en\/wp-json\/wp\/v2\/media?parent=1048"}],"curies":[{"name":"wp","href":"https:\/\/api.w.org\/{rel}","templated":true}]}}