{"id":110,"date":"2015-01-31T19:59:00","date_gmt":"2015-01-31T19:59:00","guid":{"rendered":"http:\/\/totaltheme.wpengine.com\/simple-spaces\/?page_id=8"},"modified":"2022-03-15T18:40:22","modified_gmt":"2022-03-15T21:40:22","slug":"contato","status":"publish","type":"page","link":"https:\/\/paulascholte.com\/en\/contato\/","title":{"rendered":"CONTACT"},"content":{"rendered":"<div class=\"vc_row wpb_row vc_row-fluid\"><div class=\"wpb_column vc_column_container vc_col-sm-12\"><div class=\"vc_column-inner\"><div class=\"wpb_wrapper\"><div class=\"vcex-spacing\" style=\"height:20px\"><\/div><div class=\"vcex-spacing\" style=\"height:20px\"><\/div><div class=\"vcex-module vcex-heading vcex-heading-plain\" style=\"font-size:18px;\"><span class=\"vcex-heading-inner clr\">Send me a message!<\/span><\/div>\n\t<div class=\"wpb_text_column wpb_content_element\" >\n\t\t<div class=\"wpb_wrapper\">\n\t\t\t<p>contato@paulascholte.com<\/p>\n\n\t\t<\/div>\n\t<\/div>\n<div class=\"vcex-spacing\" style=\"height:20px\"><\/div><div class=\"vcex-module vcex-heading vcex-heading-plain\" style=\"font-size:18px;text-align:left;\"><span class=\"vcex-heading-inner clr\">Follow my instagram!<\/span><\/div>\n\t<div class=\"wpb_text_column wpb_content_element\" >\n\t\t<div class=\"wpb_wrapper\">\n\t\t\t<p style=\"text-align: left;\">There you will find project, references and many ideas to make your environments more beautiful and functional!<\/p>\n\n\t\t<\/div>\n\t<\/div>\n<div class=\"vcex-module wpex-social-btns vcex-social-btns textleft\" style=\"color:#ee9480;font-size:34px;\"><a  href=\"https:\/\/www.instagram.com\/paulascholte.studio\" class=\"wpex-social-btn wpex-social-btn-no-style wpex-instagram\"><span class=\"ticon ticon-instagram\" aria-hidden=\"true\"><\/span><span class=\"screen-reader-text\">instagram<\/span><\/a><\/div><\/div><\/div><\/div><\/div><div class=\"vc_row wpb_row vc_row-fluid\"><div class=\"wpb_column vc_column_container vc_col-sm-12\"><div class=\"vc_column-inner\"><div class=\"wpb_wrapper\"><\/div><\/div><\/div><\/div>","protected":false},"excerpt":{"rendered":"Me mande um email! contato@paulascholte.com Siga meu instagram! L\u00e1 voc\u00ea ir\u00e1 encontrar trabalhos, refer\u00eancias e muitas ideias para tornar os seus ambientes mais bonitos e funcionais! instagram","protected":false},"author":1,"featured_media":0,"parent":0,"menu_order":0,"comment_status":"closed","ping_status":"closed","template":"","meta":[],"_links":{"self":[{"href":"https:\/\/paulascholte.com\/en\/wp-json\/wp\/v2\/pages\/110"}],"collection":[{"href":"https:\/\/paulascholte.com\/en\/wp-json\/wp\/v2\/pages"}],"about":[{"href":"https:\/\/paulascholte.com\/en\/wp-json\/wp\/v2\/types\/page"}],"author":[{"embeddable":true,"href":"https:\/\/paulascholte.com\/en\/wp-json\/wp\/v2\/users\/1"}],"replies":[{"embeddable":true,"href":"https:\/\/paulascholte.com\/en\/wp-json\/wp\/v2\/comments?post=110"}],"version-history":[{"count":10,"href":"https:\/\/paulascholte.com\/en\/wp-json\/wp\/v2\/pages\/110\/revisions"}],"predecessor-version":[{"id":1708,"href":"https:\/\/paulascholte.com\/en\/wp-json\/wp\/v2\/pages\/110\/revisions\/1708"}],"wp:attachment":[{"href":"https:\/\/paulascholte.com\/en\/wp-json\/wp\/v2\/media?parent=110"}],"curies":[{"name":"wp","href":"https:\/\/api.w.org\/{rel}","templated":true}]}}