{"id":1651,"date":"2021-12-08T15:13:10","date_gmt":"2021-12-08T18:13:10","guid":{"rendered":"http:\/\/paulascholte.com\/?page_id=1651"},"modified":"2021-12-08T15:13:10","modified_gmt":"2021-12-08T18:13:10","slug":"clinica-leblon-health","status":"publish","type":"page","link":"https:\/\/paulascholte.com\/en\/clinica-leblon-health\/","title":{"rendered":"Cl\u00ednica Leblon Health"},"content":{"rendered":"<div class=\"vc_row wpb_row vc_row-fluid\"><div class=\"wpb_column vc_column_container vc_col-sm-3\"><div class=\"vc_column-inner\"><div class=\"wpb_wrapper\">\n\t<div class=\"wpb_text_column wpb_content_element\" >\n\t\t<div class=\"wpb_wrapper\">\n\t\t\t<p>CL\u00cdNICA LEBLON HEALTH<br \/>\nPROJETO: PAULA SCHOLTE STUDIO<br \/>\nANO: 2021<br \/>\nEXECU\u00c7\u00c3O DA OBRA: PETRUCCI ENGENHARIA<br \/>\nFOTOS: LEONARDO COSTA<\/p>\n\n\t\t<\/div>\n\t<\/div>\n<\/div><\/div><\/div><div class=\"wpb_column vc_column_container vc_col-sm-9\"><div class=\"vc_column-inner\"><div class=\"wpb_wrapper\">\n<div class=\"vc_grid-container-wrapper vc_clearfix\">\n\t<div class=\"vc_grid-container vc_clearfix wpb_content_element vc_masonry_media_grid\" data-initial-loading-animation=\"zoomIn\" data-vc-grid-settings=\"{&quot;page_id&quot;:1651,&quot;style&quot;:&quot;all-masonry&quot;,&quot;action&quot;:&quot;vc_get_vc_grid_data&quot;,&quot;shortcode_id&quot;:&quot;1638986932589-bec61ebe6fa3122ed71c93aed5c6b102-10&quot;,&quot;tag&quot;:&quot;vc_masonry_media_grid&quot;}\" data-vc-request=\"https:\/\/paulascholte.com\/wp-admin\/admin-ajax.php\" data-vc-post-id=\"1651\" data-vc-public-nonce=\"ecc9627459\">\n\t\t\n\t<\/div>\n<\/div><\/div><\/div><\/div><\/div>","protected":false},"excerpt":{"rendered":"CL\u00cdNICA LEBLON HEALTH PROJETO: PAULA SCHOLTE STUDIO ANO: 2021 EXECU\u00c7\u00c3O DA OBRA: PETRUCCI ENGENHARIA FOTOS: LEONARDO COSTA","protected":false},"author":1,"featured_media":0,"parent":0,"menu_order":0,"comment_status":"closed","ping_status":"closed","template":"templates\/no-sidebar.php","meta":[],"_links":{"self":[{"href":"https:\/\/paulascholte.com\/en\/wp-json\/wp\/v2\/pages\/1651"}],"collection":[{"href":"https:\/\/paulascholte.com\/en\/wp-json\/wp\/v2\/pages"}],"about":[{"href":"https:\/\/paulascholte.com\/en\/wp-json\/wp\/v2\/types\/page"}],"author":[{"embeddable":true,"href":"https:\/\/paulascholte.com\/en\/wp-json\/wp\/v2\/users\/1"}],"replies":[{"embeddable":true,"href":"https:\/\/paulascholte.com\/en\/wp-json\/wp\/v2\/comments?post=1651"}],"version-history":[{"count":3,"href":"https:\/\/paulascholte.com\/en\/wp-json\/wp\/v2\/pages\/1651\/revisions"}],"predecessor-version":[{"id":1665,"href":"https:\/\/paulascholte.com\/en\/wp-json\/wp\/v2\/pages\/1651\/revisions\/1665"}],"wp:attachment":[{"href":"https:\/\/paulascholte.com\/en\/wp-json\/wp\/v2\/media?parent=1651"}],"curies":[{"name":"wp","href":"https:\/\/api.w.org\/{rel}","templated":true}]}}