{"id":1752,"date":"2022-10-17T11:40:49","date_gmt":"2022-10-17T14:40:49","guid":{"rendered":"http:\/\/paulascholte.com\/?page_id=1752"},"modified":"2022-10-17T11:40:55","modified_gmt":"2022-10-17T14:40:55","slug":"casacor-rio-2022","status":"publish","type":"page","link":"https:\/\/paulascholte.com\/en\/casacor-rio-2022\/","title":{"rendered":"CASACOR Rio 2022"},"content":{"rendered":"<div class=\"vc_row wpb_row vc_row-fluid\"><div class=\"wpb_column vc_column_container vc_col-sm-3\"><div class=\"vc_column-inner\"><div class=\"wpb_wrapper\">\n\t<div class=\"wpb_text_column wpb_content_element\" >\n\t\t<div class=\"wpb_wrapper\">\n\t\t\t<p>CASACOR RIO 2022<br \/>\nHall e Lavabo<br \/>\nProject: Paula Scholte e Manuela Santos<br \/>\nExecu\u00e7\u00e3o: CSV Engenharia<br \/>\nFotos: MCA Est\u00fadio e Andr\u00e9 Nazareth<\/p>\n\n\t\t<\/div>\n\t<\/div>\n<\/div><\/div><\/div><div class=\"wpb_column vc_column_container vc_col-sm-9\"><div class=\"vc_column-inner\"><div class=\"wpb_wrapper\">\n<div class=\"vc_grid-container-wrapper vc_clearfix\">\n\t<div class=\"vc_grid-container vc_clearfix wpb_content_element vc_masonry_media_grid\" data-initial-loading-animation=\"zoomIn\" data-vc-grid-settings=\"{&quot;page_id&quot;:1752,&quot;style&quot;:&quot;all-masonry&quot;,&quot;action&quot;:&quot;vc_get_vc_grid_data&quot;,&quot;shortcode_id&quot;:&quot;1666016646913-96d37e0a-19c3-3&quot;,&quot;tag&quot;:&quot;vc_masonry_media_grid&quot;}\" data-vc-request=\"https:\/\/paulascholte.com\/wp-admin\/admin-ajax.php\" data-vc-post-id=\"1752\" data-vc-public-nonce=\"ecc9627459\">\n\t\t\n\t<\/div>\n<\/div><\/div><\/div><\/div><\/div>","protected":false},"excerpt":{"rendered":"CASACOR RIO 2022 Hall e Lavabo Projeto: Paula Scholte e Manuela Santos Execu\u00e7\u00e3o: CSV Engenharia Fotos: MCA Est\u00fadio e Andr\u00e9 Nazareth","protected":false},"author":1,"featured_media":0,"parent":0,"menu_order":0,"comment_status":"closed","ping_status":"closed","template":"templates\/no-sidebar.php","meta":[],"_links":{"self":[{"href":"https:\/\/paulascholte.com\/en\/wp-json\/wp\/v2\/pages\/1752"}],"collection":[{"href":"https:\/\/paulascholte.com\/en\/wp-json\/wp\/v2\/pages"}],"about":[{"href":"https:\/\/paulascholte.com\/en\/wp-json\/wp\/v2\/types\/page"}],"author":[{"embeddable":true,"href":"https:\/\/paulascholte.com\/en\/wp-json\/wp\/v2\/users\/1"}],"replies":[{"embeddable":true,"href":"https:\/\/paulascholte.com\/en\/wp-json\/wp\/v2\/comments?post=1752"}],"version-history":[{"count":2,"href":"https:\/\/paulascholte.com\/en\/wp-json\/wp\/v2\/pages\/1752\/revisions"}],"predecessor-version":[{"id":1766,"href":"https:\/\/paulascholte.com\/en\/wp-json\/wp\/v2\/pages\/1752\/revisions\/1766"}],"wp:attachment":[{"href":"https:\/\/paulascholte.com\/en\/wp-json\/wp\/v2\/media?parent=1752"}],"curies":[{"name":"wp","href":"https:\/\/api.w.org\/{rel}","templated":true}]}}