{"id":1769,"date":"2022-10-17T12:45:50","date_gmt":"2022-10-17T15:45:50","guid":{"rendered":"http:\/\/paulascholte.com\/?page_id=1769"},"modified":"2022-10-17T12:46:06","modified_gmt":"2022-10-17T15:46:06","slug":"apartamento-flamengo","status":"publish","type":"page","link":"https:\/\/paulascholte.com\/en\/apartamento-flamengo\/","title":{"rendered":"Apartamento Flamengo"},"content":{"rendered":"<div class=\"vc_row wpb_row vc_row-fluid\"><div class=\"wpb_column vc_column_container vc_col-sm-3\"><div class=\"vc_column-inner\"><div class=\"wpb_wrapper\">\n\t<div class=\"wpb_text_column wpb_content_element\" >\n\t\t<div class=\"wpb_wrapper\">\n\t\t\t<p>Apartamento Flamengo<br \/>\nAno 2021<br \/>\nProjeto: Paula Scholte Studio<br \/>\nExecu\u00e7\u00e3o da obra: MV Gest\u00e3o de Obras<br \/>\nPictures: Leonardo Costa<\/p>\n\n\t\t<\/div>\n\t<\/div>\n<\/div><\/div><\/div><div class=\"wpb_column vc_column_container vc_col-sm-9\"><div class=\"vc_column-inner\"><div class=\"wpb_wrapper\">\n<div class=\"vc_grid-container-wrapper vc_clearfix\">\n\t<div class=\"vc_grid-container vc_clearfix wpb_content_element vc_masonry_media_grid\" data-initial-loading-animation=\"zoomIn\" data-vc-grid-settings=\"{&quot;page_id&quot;:1769,&quot;style&quot;:&quot;all-masonry&quot;,&quot;action&quot;:&quot;vc_get_vc_grid_data&quot;,&quot;shortcode_id&quot;:&quot;1666018249439-97f0c271-487c-1&quot;,&quot;tag&quot;:&quot;vc_masonry_media_grid&quot;}\" data-vc-request=\"https:\/\/paulascholte.com\/wp-admin\/admin-ajax.php\" data-vc-post-id=\"1769\" data-vc-public-nonce=\"50b548a251\">\n\t\t\n\t<\/div>\n<\/div><\/div><\/div><\/div><\/div>","protected":false},"excerpt":{"rendered":"Apartamento Flamengo Ano 2021 Projeto: Paula Scholte Studio Execu\u00e7\u00e3o da obra: MV Gest\u00e3o de Obras Fotos: Leonardo Costa","protected":false},"author":1,"featured_media":0,"parent":0,"menu_order":0,"comment_status":"closed","ping_status":"closed","template":"templates\/no-sidebar.php","meta":[],"_links":{"self":[{"href":"https:\/\/paulascholte.com\/en\/wp-json\/wp\/v2\/pages\/1769"}],"collection":[{"href":"https:\/\/paulascholte.com\/en\/wp-json\/wp\/v2\/pages"}],"about":[{"href":"https:\/\/paulascholte.com\/en\/wp-json\/wp\/v2\/types\/page"}],"author":[{"embeddable":true,"href":"https:\/\/paulascholte.com\/en\/wp-json\/wp\/v2\/users\/1"}],"replies":[{"embeddable":true,"href":"https:\/\/paulascholte.com\/en\/wp-json\/wp\/v2\/comments?post=1769"}],"version-history":[{"count":2,"href":"https:\/\/paulascholte.com\/en\/wp-json\/wp\/v2\/pages\/1769\/revisions"}],"predecessor-version":[{"id":1780,"href":"https:\/\/paulascholte.com\/en\/wp-json\/wp\/v2\/pages\/1769\/revisions\/1780"}],"wp:attachment":[{"href":"https:\/\/paulascholte.com\/en\/wp-json\/wp\/v2\/media?parent=1769"}],"curies":[{"name":"wp","href":"https:\/\/api.w.org\/{rel}","templated":true}]}}