{"id":743,"date":"2015-01-31T19:57:57","date_gmt":"2015-01-31T19:57:57","guid":{"rendered":"http:\/\/totaltheme.wpengine.com\/simple-spaces\/?page_id=4"},"modified":"2024-10-24T15:25:52","modified_gmt":"2024-10-24T18:25:52","slug":"sobre","status":"publish","type":"page","link":"https:\/\/paulascholte.com\/en\/sobre\/","title":{"rendered":"ABOUT"},"content":{"rendered":"<div class=\"vc_row wpb_row vc_row-fluid\"><div class=\"wpb_column vc_column_container vc_col-sm-4\"><div class=\"vc_column-inner\"><div class=\"wpb_wrapper\"><div class=\"vcex-spacing\" style=\"height:20px\"><\/div>\n\t<div  class=\"wpb_single_image wpb_content_element vc_align_\">\n\t\t\n\t\t<figure class=\"wpb_wrapper vc_figure\">\n\t\t\t<div class=\"vc_single_image-wrapper   vc_box_border_grey\"><img width=\"2021\" height=\"2560\" src=\"https:\/\/paulascholte.com\/wp-content\/uploads\/2024\/10\/Paula-Scholte-Bx-1-scaled.jpg\" class=\"vc_single_image-img attachment-full\" alt=\"\" loading=\"lazy\" \/><\/div>\n\t\t<\/figure>\n\t<\/div>\n<\/div><\/div><\/div><div class=\"wpb_column vc_column_container vc_col-sm-8\"><div class=\"vc_column-inner\"><div class=\"wpb_wrapper\"><div class=\"vcex-spacing\" style=\"height:20px\"><\/div><div class=\"vcex-module vcex-heading vcex-heading-plain\" style=\"font-size:18px;\"><span class=\"vcex-heading-inner clr\"><span class=\"vcex-icon-wrap vcex-icon-position-left\"><span class=\"ticon ticon-child\"><\/span><\/span>Sobre<\/span><\/div><div class=\"vcex-spacing\" style=\"height:20px\"><\/div>\n\t<div class=\"wpb_text_column wpb_content_element\" >\n\t\t<div class=\"wpb_wrapper\">\n\t\t\t<div>Paula Scholte \u00e9 arquiteta, carioca, formada pela PUC-Rio,\u00a0 com parte dos estudos cursados na Universidade T\u00e9cnica de Lisboa, Portugal. Tem forma\u00e7\u00e3o complementar em artes pl\u00e1sticas pela Escola de Artes Visuais do Parque Lage.<\/div>\n<div><\/div>\n<div><\/div>\n<div>Em 2022, Paula participou da mostra de arquitetura e decora\u00e7\u00e3o CASACOR Rio.<\/div>\n<div><\/div>\n<div><\/div>\n<div>Desde 2013 atua em seu escrit\u00f3rio de arquitetura e interiores no Rio de Janeiro realizando projetos residenciais, comerciais e corporativos, buscando sempre um equil\u00edbrio entre t\u00e9cnica, est\u00e9tica e funcionalidade.<br \/>\nDesenvolve todas as etapas do projeto, desde a conceitua\u00e7\u00e3o inicial, passando pelo projeto executivo, detalhamento de marcenaria, at\u00e9 a entrega da obra, a produ\u00e7\u00e3o de decora\u00e7\u00e3o e curadoria de obras de arte.<\/div>\n<div><\/div>\n<div>Al\u00e9m do Rio de Janeiro, j\u00e1 realizou projetos em S\u00e3o Paulo e Lisboa e est\u00e1 sempre em busca de novos desafios.<\/div>\n<div><\/div>\n<div><\/div>\n<div>Em cada projeto s\u00e3o propostas solu\u00e7\u00f5es exclusivas e inovadoras, atendendo \u00e0s necessidades e personalidade de cada cliente.<\/div>\n<div><\/div>\n<div><\/div>\n<div>&#8220;Acredito que a obra \u00e9 uma experi\u00eancia transformadora na vida de todos os envolvidos. \u00c9 muito gratificante ver um projeto saindo do papel e sendo fruto da realiza\u00e7\u00e3o de um sonho.&#8221; &#8211; Paula Scholte<\/div>\n\n\t\t<\/div>\n\t<\/div>\n<div class=\"vcex-spacing\" style=\"height:30px\"><\/div><\/div><\/div><\/div><\/div>","protected":false},"excerpt":{"rendered":"Sobre Paula Scholte \u00e9 arquiteta, carioca, formada pela PUC-Rio,\u00a0 com parte dos estudos cursados na Universidade T\u00e9cnica de Lisboa, Portugal. Tem forma\u00e7\u00e3o complementar em artes pl\u00e1sticas pela Escola de Artes Visuais do Parque Lage. Em 2022, Paula participou da mostra de arquitetura e decora\u00e7\u00e3o CASACOR Rio. Desde 2013 atua em seu escrit\u00f3rio de arquitetura e&hellip;","protected":false},"author":1,"featured_media":0,"parent":0,"menu_order":0,"comment_status":"closed","ping_status":"closed","template":"","meta":[],"_links":{"self":[{"href":"https:\/\/paulascholte.com\/en\/wp-json\/wp\/v2\/pages\/743"}],"collection":[{"href":"https:\/\/paulascholte.com\/en\/wp-json\/wp\/v2\/pages"}],"about":[{"href":"https:\/\/paulascholte.com\/en\/wp-json\/wp\/v2\/types\/page"}],"author":[{"embeddable":true,"href":"https:\/\/paulascholte.com\/en\/wp-json\/wp\/v2\/users\/1"}],"replies":[{"embeddable":true,"href":"https:\/\/paulascholte.com\/en\/wp-json\/wp\/v2\/comments?post=743"}],"version-history":[{"count":22,"href":"https:\/\/paulascholte.com\/en\/wp-json\/wp\/v2\/pages\/743\/revisions"}],"predecessor-version":[{"id":1958,"href":"https:\/\/paulascholte.com\/en\/wp-json\/wp\/v2\/pages\/743\/revisions\/1958"}],"wp:attachment":[{"href":"https:\/\/paulascholte.com\/en\/wp-json\/wp\/v2\/media?parent=743"}],"curies":[{"name":"wp","href":"https:\/\/api.w.org\/{rel}","templated":true}]}}